{"id":2437,"date":"2025-02-14T16:39:20","date_gmt":"2025-02-14T15:39:20","guid":{"rendered":"https:\/\/www.keytomallorca.com\/aviso-legal"},"modified":"2025-02-24T16:09:56","modified_gmt":"2025-02-24T15:09:56","slug":"legal-notice","status":"publish","type":"page","link":"https:\/\/www.keytomallorca.com\/en\/legal-notice","title":{"rendered":"Legal notice"},"content":{"rendered":"\n<h2 class=\"wp-block-heading\">Manager: <\/h2>\n\n<p>Legal Entity: Jos\u00e9 Andr\u00e9s Fern\u00e1ndez P\u00e9rez  <\/p>\n\n<p>Trade Name: KEY TO MALLORCA  <\/p>\n\n<p>Tax ID (CIF): ES41615319Q<br\/>Address: Cami de Son Vida 5  <\/p>\n\n<p>07013 Palma de Mallorca <\/p>\n\n<h2 class=\"wp-block-heading\">Contact: <\/h2>\n\n<p>Phone: 0034 611 663 605<br\/>Email: info@keytomallorca.com<\/p>\n\n<p><\/p>\n","protected":false},"excerpt":{"rendered":"<p>Manager: Legal Entity: Jos\u00e9 Andr\u00e9s Fern\u00e1ndez P\u00e9rez Trade Name: KEY TO MALLORCA Tax ID (CIF): ES41615319QAddress: Cami de Son Vida 5 07013 Palma de Mallorca Contact: Phone: 0034 611 663 605Email: info@keytomallorca.com<\/p>\n","protected":false},"author":1,"featured_media":0,"parent":0,"menu_order":0,"comment_status":"closed","ping_status":"closed","template":"","meta":{"site-sidebar-layout":"default","site-content-layout":"","ast-site-content-layout":"default","site-content-style":"default","site-sidebar-style":"default","ast-global-header-display":"","ast-banner-title-visibility":"","ast-main-header-display":"","ast-hfb-above-header-display":"","ast-hfb-below-header-display":"","ast-hfb-mobile-header-display":"","site-post-title":"","ast-breadcrumbs-content":"","ast-featured-img":"","footer-sml-layout":"","ast-disable-related-posts":"","theme-transparent-header-meta":"","adv-header-id-meta":"","stick-header-meta":"","header-above-stick-meta":"","header-main-stick-meta":"","header-below-stick-meta":"","astra-migrate-meta-layouts":"set","ast-page-background-enabled":"default","ast-page-background-meta":{"desktop":{"background-color":"","background-image":"","background-repeat":"repeat","background-position":"center center","background-size":"auto","background-attachment":"scroll","background-type":"","background-media":"","overlay-type":"","overlay-color":"","overlay-opacity":"","overlay-gradient":""},"tablet":{"background-color":"","background-image":"","background-repeat":"repeat","background-position":"center center","background-size":"auto","background-attachment":"scroll","background-type":"","background-media":"","overlay-type":"","overlay-color":"","overlay-opacity":"","overlay-gradient":""},"mobile":{"background-color":"","background-image":"","background-repeat":"repeat","background-position":"center center","background-size":"auto","background-attachment":"scroll","background-type":"","background-media":"","overlay-type":"","overlay-color":"","overlay-opacity":"","overlay-gradient":""}},"ast-content-background-meta":{"desktop":{"background-color":"var(--ast-global-color-5)","background-image":"","background-repeat":"repeat","background-position":"center center","background-size":"auto","background-attachment":"scroll","background-type":"","background-media":"","overlay-type":"","overlay-color":"","overlay-opacity":"","overlay-gradient":""},"tablet":{"background-color":"var(--ast-global-color-5)","background-image":"","background-repeat":"repeat","background-position":"center center","background-size":"auto","background-attachment":"scroll","background-type":"","background-media":"","overlay-type":"","overlay-color":"","overlay-opacity":"","overlay-gradient":""},"mobile":{"background-color":"var(--ast-global-color-5)","background-image":"","background-repeat":"repeat","background-position":"center center","background-size":"auto","background-attachment":"scroll","background-type":"","background-media":"","overlay-type":"","overlay-color":"","overlay-opacity":"","overlay-gradient":""}},"footnotes":""},"class_list":["post-2437","page","type-page","status-publish","hentry"],"_links":{"self":[{"href":"https:\/\/www.keytomallorca.com\/en\/wp-json\/wp\/v2\/pages\/2437","targetHints":{"allow":["GET"]}}],"collection":[{"href":"https:\/\/www.keytomallorca.com\/en\/wp-json\/wp\/v2\/pages"}],"about":[{"href":"https:\/\/www.keytomallorca.com\/en\/wp-json\/wp\/v2\/types\/page"}],"author":[{"embeddable":true,"href":"https:\/\/www.keytomallorca.com\/en\/wp-json\/wp\/v2\/users\/1"}],"replies":[{"embeddable":true,"href":"https:\/\/www.keytomallorca.com\/en\/wp-json\/wp\/v2\/comments?post=2437"}],"version-history":[{"count":8,"href":"https:\/\/www.keytomallorca.com\/en\/wp-json\/wp\/v2\/pages\/2437\/revisions"}],"predecessor-version":[{"id":2939,"href":"https:\/\/www.keytomallorca.com\/en\/wp-json\/wp\/v2\/pages\/2437\/revisions\/2939"}],"wp:attachment":[{"href":"https:\/\/www.keytomallorca.com\/en\/wp-json\/wp\/v2\/media?parent=2437"}],"curies":[{"name":"wp","href":"https:\/\/api.w.org\/{rel}","templated":true}]}}