{"id":1717,"date":"2018-11-27T09:17:28","date_gmt":"2018-11-27T08:17:28","guid":{"rendered":"https:\/\/www.keytomallorca.com\/servicios"},"modified":"2025-02-19T10:36:05","modified_gmt":"2025-02-19T09:36:05","slug":"leistungen","status":"publish","type":"page","link":"https:\/\/www.keytomallorca.com\/de\/leistungen","title":{"rendered":"Leistungen"},"content":{"rendered":"\t\t<div data-elementor-type=\"wp-post\" data-elementor-id=\"1717\" class=\"elementor elementor-1717 elementor-6\">\n\t\t\t\t<div class=\"elementor-element elementor-element-1ea260a e-flex e-con-boxed e-con e-parent\" data-id=\"1ea260a\" data-element_type=\"container\" data-e-type=\"container\">\n\t\t\t\t\t<div class=\"e-con-inner\">\n\t\t<div class=\"elementor-element elementor-element-53e9612 e-con-full e-flex e-con e-child\" data-id=\"53e9612\" data-element_type=\"container\" data-e-type=\"container\">\n\t\t\t\t<div class=\"elementor-element elementor-element-7179047 elementor-widget elementor-widget-heading\" data-id=\"7179047\" data-element_type=\"widget\" data-e-type=\"widget\" data-widget_type=\"heading.default\">\n\t\t\t\t<div class=\"elementor-widget-container\">\n\t\t\t\t\t<h1 class=\"elementor-heading-title elementor-size-default\">Wir sind Ihr Partner auf Mallorca!<\/h1>\t\t\t\t<\/div>\n\t\t\t\t<\/div>\n\t\t\t\t<div class=\"elementor-element elementor-element-9db05f7 elementor-widget-divider--view-line elementor-widget elementor-widget-divider\" data-id=\"9db05f7\" data-element_type=\"widget\" data-e-type=\"widget\" data-widget_type=\"divider.default\">\n\t\t\t\t<div class=\"elementor-widget-container\">\n\t\t\t\t\t\t\t<div class=\"elementor-divider\">\n\t\t\t<span class=\"elementor-divider-separator\">\n\t\t\t\t\t\t<\/span>\n\t\t<\/div>\n\t\t\t\t\t\t<\/div>\n\t\t\t\t<\/div>\n\t\t\t\t<div class=\"elementor-element elementor-element-18e4ffe elementor-widget elementor-widget-text-editor\" data-id=\"18e4ffe\" data-element_type=\"widget\" data-e-type=\"widget\" data-widget_type=\"text-editor.default\">\n\t\t\t\t<div class=\"elementor-widget-container\">\n\t\t\t\t\t\t\t\t\t<p>Wir sind der starke Partner, der bei allen Eventualit\u00e4ten auf Mallorca unterst\u00fctzt und somit die Ruhe und die Unbeschwertheit gibt, um die sch\u00f6nen Dinge des<strong> Lebens genie\u00dfen zu k\u00f6nnen.&#8220;<\/strong><\/p>\t\t\t\t\t\t\t\t<\/div>\n\t\t\t\t<\/div>\n\t\t\t\t<\/div>\n\t\t\t\t\t<\/div>\n\t\t\t\t<\/div>\n\t\t<div class=\"elementor-element elementor-element-9256671 e-con-full e-flex e-con e-parent\" data-id=\"9256671\" data-element_type=\"container\" data-e-type=\"container\" data-settings=\"{&quot;background_background&quot;:&quot;classic&quot;}\">\n\t\t<div class=\"elementor-element elementor-element-13a3935 e-con-full e-flex e-con e-child\" data-id=\"13a3935\" data-element_type=\"container\" data-e-type=\"container\" data-settings=\"{&quot;background_background&quot;:&quot;classic&quot;}\">\n\t\t\t\t<\/div>\n\t\t<div class=\"elementor-element elementor-element-1a58f13 e-con-full e-flex e-con e-child\" data-id=\"1a58f13\" data-element_type=\"container\" data-e-type=\"container\">\n\t\t\t\t<div class=\"elementor-element elementor-element-9b4e10a elementor-widget elementor-widget-heading\" data-id=\"9b4e10a\" data-element_type=\"widget\" data-e-type=\"widget\" data-widget_type=\"heading.default\">\n\t\t\t\t<div class=\"elementor-widget-container\">\n\t\t\t\t\t<h2 class=\"elementor-heading-title elementor-size-default\">Immobilienverwaltung auf Mallorca<\/h2>\t\t\t\t<\/div>\n\t\t\t\t<\/div>\n\t\t\t\t<div class=\"elementor-element elementor-element-dbe2ba9 elementor-widget elementor-widget-text-editor\" data-id=\"dbe2ba9\" data-element_type=\"widget\" data-e-type=\"widget\" data-widget_type=\"text-editor.default\">\n\t\t\t\t<div class=\"elementor-widget-container\">\n\t\t\t\t\t\t\t\t\t<p>Sie m\u00f6chten, dass sich jemand um Ihre Immobilie in Ihrer Abwesenheit k\u00fcmmert? Alle erforderlichen Arbeiten sollen erledigt werden, wenn Sie gerade nicht auf Mallorca sind, sodass Sie w\u00e4hrend Ihres Aufenthalts auf der Insel Zeit f\u00fcr die wirklich wichtigen Dinge haben? Wir k\u00fcmmern uns gerne um alles.<\/p><p>Einige unserer Dienstleistungen:<\/p><ul><li>Regelm\u00e4\u00dfige Objektbegehungen und Wartung.<\/li><li>Professionelle Reinigung und W\u00e4scheservice.<\/li><li>Koordinierung von Handwerkern und kleinen Reparaturen.<\/li><\/ul><p><strong><a href=\"https:\/\/www.keytomallorca.com\/de\/immobilienverwaltung-mallorca\">Erfahren Sie mehr<\/a><\/strong><\/p>\t\t\t\t\t\t\t\t<\/div>\n\t\t\t\t<\/div>\n\t\t\t\t<\/div>\n\t\t\t\t<\/div>\n\t\t<div class=\"elementor-element elementor-element-14ae9b6 e-con-full e-flex e-con e-parent\" data-id=\"14ae9b6\" data-element_type=\"container\" data-e-type=\"container\" data-settings=\"{&quot;background_background&quot;:&quot;classic&quot;}\">\n\t\t<div class=\"elementor-element elementor-element-d8c7060 e-con-full e-flex e-con e-child\" data-id=\"d8c7060\" data-element_type=\"container\" data-e-type=\"container\">\n\t\t\t\t<div class=\"elementor-element elementor-element-ddd905f elementor-widget elementor-widget-heading\" data-id=\"ddd905f\" data-element_type=\"widget\" data-e-type=\"widget\" data-widget_type=\"heading.default\">\n\t\t\t\t<div class=\"elementor-widget-container\">\n\t\t\t\t\t<h2 class=\"elementor-heading-title elementor-size-default\">Luxus-Concierge auf Mallorca<\/h2>\t\t\t\t<\/div>\n\t\t\t\t<\/div>\n\t\t\t\t<div class=\"elementor-element elementor-element-68ba76d elementor-widget elementor-widget-text-editor\" data-id=\"68ba76d\" data-element_type=\"widget\" data-e-type=\"widget\" data-widget_type=\"text-editor.default\">\n\t\t\t\t<div class=\"elementor-widget-container\">\n\t\t\t\t\t\t\t\t\t<p>Wir machen Ihre Pl\u00e4ne zur Realit\u00e4t \u2013 egal ob gro\u00df oder klein. Von privaten Dinners mit Spitzenk\u00f6chen bis hin zu Helikoptertransfers \u2013 wir organisieren ma\u00dfgeschneiderte Erlebnisse nur f\u00fcr Sie. <\/p>\n<p>Unsere exklusiven Services:<\/p>\n<ul>\n<li>VIP-Transport: Limousinen, Privatjets &amp; Helikopter<\/li>\n<li>Reservierungen in den besten Restaurants &amp; Beach Clubs<\/li>\n<li>Luxus-Yachtcharter f\u00fcr unvergessliche K\u00fcstenausfl\u00fcge<\/li>\n<li>Organisation ma\u00dfgeschneiderter Events.<\/li>\n<\/ul>\n<p><strong><a href=\"https:\/\/www.keytomallorca.com\/de\/concierge-service-auf-mallorca\">Erfahren Sie mehr<\/a><\/strong><\/p>\n\t\t\t\t\t\t\t\t<\/div>\n\t\t\t\t<\/div>\n\t\t\t\t<\/div>\n\t\t<div class=\"elementor-element elementor-element-22abfe4 e-con-full e-flex e-con e-child\" data-id=\"22abfe4\" data-element_type=\"container\" data-e-type=\"container\" data-settings=\"{&quot;background_background&quot;:&quot;classic&quot;}\">\n\t\t\t\t<\/div>\n\t\t\t\t<\/div>\n\t\t\t\t<\/div>\n\t\t","protected":false},"excerpt":{"rendered":"<p>Wir sind Ihr Partner auf Mallorca! Wir sind der starke Partner, der bei allen Eventualit\u00e4ten auf Mallorca unterst\u00fctzt und somit die Ruhe und die Unbeschwertheit gibt, um die sch\u00f6nen Dinge des Lebens genie\u00dfen zu k\u00f6nnen.&#8220; Immobilienverwaltung auf Mallorca Sie m\u00f6chten, dass sich jemand um Ihre Immobilie in Ihrer Abwesenheit k\u00fcmmert? Alle erforderlichen Arbeiten sollen erledigt [&hellip;]<\/p>\n","protected":false},"author":1,"featured_media":0,"parent":0,"menu_order":0,"comment_status":"closed","ping_status":"closed","template":"","meta":{"site-sidebar-layout":"no-sidebar","site-content-layout":"page-builder","ast-site-content-layout":"full-width-container","site-content-style":"unboxed","site-sidebar-style":"unboxed","ast-global-header-display":"","ast-banner-title-visibility":"","ast-main-header-display":"","ast-hfb-above-header-display":"","ast-hfb-below-header-display":"","ast-hfb-mobile-header-display":"","site-post-title":"disabled","ast-breadcrumbs-content":"","ast-featured-img":"disabled","footer-sml-layout":"","ast-disable-related-posts":"","theme-transparent-header-meta":"default","adv-header-id-meta":"","stick-header-meta":"","header-above-stick-meta":"","header-main-stick-meta":"","header-below-stick-meta":"","astra-migrate-meta-layouts":"set","ast-page-background-enabled":"default","ast-page-background-meta":{"desktop":{"background-color":"","background-image":"","background-repeat":"repeat","background-position":"center center","background-size":"auto","background-attachment":"scroll","background-type":"","background-media":"","overlay-type":"","overlay-color":"","overlay-opacity":"","overlay-gradient":""},"tablet":{"background-color":"","background-image":"","background-repeat":"repeat","background-position":"center center","background-size":"auto","background-attachment":"scroll","background-type":"","background-media":"","overlay-type":"","overlay-color":"","overlay-opacity":"","overlay-gradient":""},"mobile":{"background-color":"","background-image":"","background-repeat":"repeat","background-position":"center center","background-size":"auto","background-attachment":"scroll","background-type":"","background-media":"","overlay-type":"","overlay-color":"","overlay-opacity":"","overlay-gradient":""}},"ast-content-background-meta":{"desktop":{"background-color":"var(--ast-global-color-5)","background-image":"","background-repeat":"repeat","background-position":"center center","background-size":"auto","background-attachment":"scroll","background-type":"","background-media":"","overlay-type":"","overlay-color":"","overlay-opacity":"","overlay-gradient":""},"tablet":{"background-color":"var(--ast-global-color-5)","background-image":"","background-repeat":"repeat","background-position":"center center","background-size":"auto","background-attachment":"scroll","background-type":"","background-media":"","overlay-type":"","overlay-color":"","overlay-opacity":"","overlay-gradient":""},"mobile":{"background-color":"var(--ast-global-color-5)","background-image":"","background-repeat":"repeat","background-position":"center center","background-size":"auto","background-attachment":"scroll","background-type":"","background-media":"","overlay-type":"","overlay-color":"","overlay-opacity":"","overlay-gradient":""}},"footnotes":""},"class_list":["post-1717","page","type-page","status-publish","hentry"],"_links":{"self":[{"href":"https:\/\/www.keytomallorca.com\/de\/wp-json\/wp\/v2\/pages\/1717","targetHints":{"allow":["GET"]}}],"collection":[{"href":"https:\/\/www.keytomallorca.com\/de\/wp-json\/wp\/v2\/pages"}],"about":[{"href":"https:\/\/www.keytomallorca.com\/de\/wp-json\/wp\/v2\/types\/page"}],"author":[{"embeddable":true,"href":"https:\/\/www.keytomallorca.com\/de\/wp-json\/wp\/v2\/users\/1"}],"replies":[{"embeddable":true,"href":"https:\/\/www.keytomallorca.com\/de\/wp-json\/wp\/v2\/comments?post=1717"}],"version-history":[{"count":35,"href":"https:\/\/www.keytomallorca.com\/de\/wp-json\/wp\/v2\/pages\/1717\/revisions"}],"predecessor-version":[{"id":2840,"href":"https:\/\/www.keytomallorca.com\/de\/wp-json\/wp\/v2\/pages\/1717\/revisions\/2840"}],"wp:attachment":[{"href":"https:\/\/www.keytomallorca.com\/de\/wp-json\/wp\/v2\/media?parent=1717"}],"curies":[{"name":"wp","href":"https:\/\/api.w.org\/{rel}","templated":true}]}}